{"id":5517,"date":"2022-02-23T13:39:04","date_gmt":"2022-02-23T12:39:04","guid":{"rendered":"https:\/\/www.fundacioimpulsa.org\/accions-solidaries\/"},"modified":"2022-09-03T13:23:13","modified_gmt":"2022-09-03T11:23:13","slug":"accions-solidaries","status":"publish","type":"page","link":"https:\/\/www.fundacioimpulsa.org\/es\/accions-solidaries\/","title":{"rendered":"Acciones solidarias"},"content":{"rendered":"\n<style type=\"text\/css\" data-created_by=\"avia_inline_auto\" id=\"style-css-av-7xahs-69c41ef1fa8bb6f52c3721b38919d2f5\">\n.avia-section.av-7xahs-69c41ef1fa8bb6f52c3721b38919d2f5{\nbackground-color:#f0f0ed;\nbackground-image:unset;\n}\n<\/style>\n<div id='av_section_1'  class='avia-section av-7xahs-69c41ef1fa8bb6f52c3721b38919d2f5 main_color avia-section-default avia-no-border-styling  avia-builder-el-0  el_before_av_two_third  avia-builder-el-first  avia-bg-style-scroll container_wrap fullsize'  ><div class='container av-section-cont-open' ><main  role=\"main\" itemprop=\"mainContentOfPage\"  class='template-page content  av-content-full alpha units'><div class='post-entry post-entry-type-page post-entry-5517'><div class='entry-content-wrapper clearfix'>\n\n<style type=\"text\/css\" data-created_by=\"avia_inline_auto\" id=\"style-css-av-kzzjmplz-489fba7297450087eac10f9ee4a06809\">\n#top .av-special-heading.av-kzzjmplz-489fba7297450087eac10f9ee4a06809{\npadding-bottom:10px;\n}\nbody .av-special-heading.av-kzzjmplz-489fba7297450087eac10f9ee4a06809 .av-special-heading-tag .heading-char{\nfont-size:25px;\n}\n.av-special-heading.av-kzzjmplz-489fba7297450087eac10f9ee4a06809 .av-subheading{\nfont-size:15px;\n}\n<\/style>\n<div  class='av-special-heading av-kzzjmplz-489fba7297450087eac10f9ee4a06809 av-special-heading-h3 blockquote modern-quote  avia-builder-el-1  avia-builder-el-no-sibling '><h3 class='av-special-heading-tag '  itemprop=\"headline\"  >Acciones solidarias<\/h3><div class=\"special-heading-border\"><div class=\"special-heading-inner-border\"><\/div><\/div><\/div>\n<\/div><\/div><\/main><!-- close content main element --><\/div><\/div><div id='after_section_1'  class='main_color av_default_container_wrap container_wrap fullsize'  ><div class='container av-section-cont-open' ><div class='template-page content  av-content-full alpha units'><div class='post-entry post-entry-type-page post-entry-5517'><div class='entry-content-wrapper clearfix'><div  class='flex_column av-phgzc-034350ddf357a13fd07b08a4cfbb9ada av_two_third  avia-builder-el-2  el_after_av_section  el_before_av_two_fifth  avia-builder-el-first  first flex_column_div  '     ><section  class='av_textblock_section av-l33k3r3k-68c716ca4abe2dfca32db7b290c3734a '   itemscope=\"itemscope\" itemtype=\"https:\/\/schema.org\/CreativeWork\" ><div class='avia_textblock'  itemprop=\"text\" ><h1>Implica a tu entorno en<br \/>\nla igualdad de oportunidades<\/h1>\n<\/div><\/section><\/div>\n<style type=\"text\/css\" data-created_by=\"avia_inline_auto\" id=\"style-css-av-k8cc8-c8781286ad33fffaef6c36e043af24a8\">\n#top .flex_column.av-k8cc8-c8781286ad33fffaef6c36e043af24a8{\nmargin-top:0px;\nmargin-bottom:0px;\n}\n.responsive #top #wrap_all .flex_column.av-k8cc8-c8781286ad33fffaef6c36e043af24a8{\nmargin-top:0px;\nmargin-bottom:0px;\n}\n<\/style>\n<div  class='flex_column av-k8cc8-c8781286ad33fffaef6c36e043af24a8 av_two_fifth  avia-builder-el-4  el_after_av_two_third  el_before_av_hr  first no_margin flex_column_div  column-top-margin'     ><section  class='av_textblock_section av-l33k42t2-816f47698a45aa6e57ff6514f9b75f4e '   itemscope=\"itemscope\" itemtype=\"https:\/\/schema.org\/CreativeWork\" ><div class='avia_textblock'  itemprop=\"text\" ><h6><strong>Un euro de la n\u00f3mina, comidas, rifas o torneos solidarios, venta de productos, etc. Organiza acciones de sensibilizaci\u00f3n y captaci\u00f3n de fondos en la organizaci\u00f3n.<\/strong><\/h6>\n<\/div><\/section><\/div><\/p>\n\n<style type=\"text\/css\" data-created_by=\"avia_inline_auto\" id=\"style-css-av-l33k78mh-5587f270dd707f47d862e9170899124f\">\n#top .hr.hr-invisible.av-l33k78mh-5587f270dd707f47d862e9170899124f{\nheight:150px;\n}\n<\/style>\n<div  class='hr av-l33k78mh-5587f270dd707f47d862e9170899124f hr-invisible  avia-builder-el-6  el_after_av_two_fifth  el_before_av_section  avia-builder-el-last '><span class='hr-inner '><span class=\"hr-inner-style\"><\/span><\/span><\/div>\n<\/div><\/div><\/div><!-- close content main div --><\/div><\/div>\n<style type=\"text\/css\" data-created_by=\"avia_inline_auto\" id=\"style-css-av-fywf4-158b31a32083d0a8daae86517061e6c8\">\n.avia-section.av-fywf4-158b31a32083d0a8daae86517061e6c8{\nbackground-color:#009fe3;\nbackground-image:unset;\n}\n<\/style>\n<div id='av_section_2'  class='avia-section av-fywf4-158b31a32083d0a8daae86517061e6c8 main_color avia-section-default avia-no-border-styling  avia-builder-el-7  el_after_av_hr  avia-builder-el-last  avia-bg-style-scroll container_wrap fullsize'  ><div class='container av-section-cont-open' ><div class='template-page content  av-content-full alpha units'><div class='post-entry post-entry-type-page post-entry-5517'><div class='entry-content-wrapper clearfix'>\n\n<style type=\"text\/css\" data-created_by=\"avia_inline_auto\" id=\"style-css-av-l33k6tgg-b83ddba63490a2e6fd08a4a946b38779\">\n#top .av-special-heading.av-l33k6tgg-b83ddba63490a2e6fd08a4a946b38779{\npadding-bottom:10px;\ncolor:#ffffff;\n}\nbody .av-special-heading.av-l33k6tgg-b83ddba63490a2e6fd08a4a946b38779 .av-special-heading-tag .heading-char{\nfont-size:25px;\n}\n.av-special-heading.av-l33k6tgg-b83ddba63490a2e6fd08a4a946b38779 .special-heading-inner-border{\nborder-color:#ffffff;\n}\n.av-special-heading.av-l33k6tgg-b83ddba63490a2e6fd08a4a946b38779 .av-subheading{\nfont-size:15px;\n}\n<\/style>\n<div  class='av-special-heading av-l33k6tgg-b83ddba63490a2e6fd08a4a946b38779 av-special-heading-h3 custom-color-heading blockquote modern-quote modern-centered  avia-builder-el-8  el_before_av_hr  avia-builder-el-first '><h3 class='av-special-heading-tag '  itemprop=\"headline\"  >EXEMPLES!?<\/h3><div class=\"special-heading-border\"><div class=\"special-heading-inner-border\"><\/div><\/div><\/div>\n\n<style type=\"text\/css\" data-created_by=\"avia_inline_auto\" id=\"style-css-av-9kjzc-9b05854d6d87f13a739934dabeb80df4\">\n#top .hr.hr-invisible.av-9kjzc-9b05854d6d87f13a739934dabeb80df4{\nheight:100px;\n}\n<\/style>\n<div  class='hr av-9kjzc-9b05854d6d87f13a739934dabeb80df4 hr-invisible  avia-builder-el-9  el_after_av_heading  avia-builder-el-last '><span class='hr-inner '><span class=\"hr-inner-style\"><\/span><\/span><\/div>\n\n","protected":false},"excerpt":{"rendered":"","protected":false},"author":1,"featured_media":0,"parent":0,"menu_order":0,"comment_status":"closed","ping_status":"closed","template":"","meta":{"_acf_changed":false,"footnotes":""},"class_list":["post-5517","page","type-page","status-publish","hentry"],"acf":[],"yoast_head":"<!-- This site is optimized with the Yoast SEO plugin v27.5 - https:\/\/yoast.com\/product\/yoast-seo-wordpress\/ -->\n<title>Acciones solidarias - Fundacio Impulsa<\/title>\n<meta name=\"robots\" content=\"index, follow, max-snippet:-1, max-image-preview:large, max-video-preview:-1\" \/>\n<link rel=\"canonical\" href=\"https:\/\/www.fundacioimpulsa.org\/es\/accions-solidaries\/\" \/>\n<meta property=\"og:locale\" content=\"es_ES\" \/>\n<meta property=\"og:type\" content=\"article\" \/>\n<meta property=\"og:title\" content=\"Acciones solidarias - Fundacio Impulsa\" \/>\n<meta property=\"og:url\" content=\"https:\/\/www.fundacioimpulsa.org\/es\/accions-solidaries\/\" \/>\n<meta property=\"og:site_name\" content=\"Fundacio Impulsa\" \/>\n<meta property=\"article:modified_time\" content=\"2022-09-03T11:23:13+00:00\" \/>\n<meta name=\"twitter:card\" content=\"summary_large_image\" \/>\n<meta name=\"twitter:label1\" content=\"Tiempo de lectura\" \/>\n\t<meta name=\"twitter:data1\" content=\"7 minutos\" \/>\n<script type=\"application\/ld+json\" class=\"yoast-schema-graph\">{\"@context\":\"https:\\\/\\\/schema.org\",\"@graph\":[{\"@type\":\"WebPage\",\"@id\":\"https:\\\/\\\/www.fundacioimpulsa.org\\\/es\\\/accions-solidaries\\\/\",\"url\":\"https:\\\/\\\/www.fundacioimpulsa.org\\\/es\\\/accions-solidaries\\\/\",\"name\":\"Acciones solidarias - Fundacio Impulsa\",\"isPartOf\":{\"@id\":\"https:\\\/\\\/www.fundacioimpulsa.org\\\/es\\\/#website\"},\"datePublished\":\"2022-02-23T12:39:04+00:00\",\"dateModified\":\"2022-09-03T11:23:13+00:00\",\"breadcrumb\":{\"@id\":\"https:\\\/\\\/www.fundacioimpulsa.org\\\/es\\\/accions-solidaries\\\/#breadcrumb\"},\"inLanguage\":\"es\",\"potentialAction\":[{\"@type\":\"ReadAction\",\"target\":[\"https:\\\/\\\/www.fundacioimpulsa.org\\\/es\\\/accions-solidaries\\\/\"]}]},{\"@type\":\"BreadcrumbList\",\"@id\":\"https:\\\/\\\/www.fundacioimpulsa.org\\\/es\\\/accions-solidaries\\\/#breadcrumb\",\"itemListElement\":[{\"@type\":\"ListItem\",\"position\":1,\"name\":\"Inici\",\"item\":\"https:\\\/\\\/www.fundacioimpulsa.org\\\/es\\\/fundacio-impulsa\\\/\"},{\"@type\":\"ListItem\",\"position\":2,\"name\":\"Acciones solidarias\"}]},{\"@type\":\"WebSite\",\"@id\":\"https:\\\/\\\/www.fundacioimpulsa.org\\\/es\\\/#website\",\"url\":\"https:\\\/\\\/www.fundacioimpulsa.org\\\/es\\\/\",\"name\":\"Fundacio Impulsa\",\"description\":\"\",\"potentialAction\":[{\"@type\":\"SearchAction\",\"target\":{\"@type\":\"EntryPoint\",\"urlTemplate\":\"https:\\\/\\\/www.fundacioimpulsa.org\\\/es\\\/?s={search_term_string}\"},\"query-input\":{\"@type\":\"PropertyValueSpecification\",\"valueRequired\":true,\"valueName\":\"search_term_string\"}}],\"inLanguage\":\"es\"}]}<\/script>\n<!-- \/ Yoast SEO plugin. -->","yoast_head_json":{"title":"Acciones solidarias - Fundacio Impulsa","robots":{"index":"index","follow":"follow","max-snippet":"max-snippet:-1","max-image-preview":"max-image-preview:large","max-video-preview":"max-video-preview:-1"},"canonical":"https:\/\/www.fundacioimpulsa.org\/es\/accions-solidaries\/","og_locale":"es_ES","og_type":"article","og_title":"Acciones solidarias - Fundacio Impulsa","og_url":"https:\/\/www.fundacioimpulsa.org\/es\/accions-solidaries\/","og_site_name":"Fundacio Impulsa","article_modified_time":"2022-09-03T11:23:13+00:00","twitter_card":"summary_large_image","twitter_misc":{"Tiempo de lectura":"7 minutos"},"schema":{"@context":"https:\/\/schema.org","@graph":[{"@type":"WebPage","@id":"https:\/\/www.fundacioimpulsa.org\/es\/accions-solidaries\/","url":"https:\/\/www.fundacioimpulsa.org\/es\/accions-solidaries\/","name":"Acciones solidarias - Fundacio Impulsa","isPartOf":{"@id":"https:\/\/www.fundacioimpulsa.org\/es\/#website"},"datePublished":"2022-02-23T12:39:04+00:00","dateModified":"2022-09-03T11:23:13+00:00","breadcrumb":{"@id":"https:\/\/www.fundacioimpulsa.org\/es\/accions-solidaries\/#breadcrumb"},"inLanguage":"es","potentialAction":[{"@type":"ReadAction","target":["https:\/\/www.fundacioimpulsa.org\/es\/accions-solidaries\/"]}]},{"@type":"BreadcrumbList","@id":"https:\/\/www.fundacioimpulsa.org\/es\/accions-solidaries\/#breadcrumb","itemListElement":[{"@type":"ListItem","position":1,"name":"Inici","item":"https:\/\/www.fundacioimpulsa.org\/es\/fundacio-impulsa\/"},{"@type":"ListItem","position":2,"name":"Acciones solidarias"}]},{"@type":"WebSite","@id":"https:\/\/www.fundacioimpulsa.org\/es\/#website","url":"https:\/\/www.fundacioimpulsa.org\/es\/","name":"Fundacio Impulsa","description":"","potentialAction":[{"@type":"SearchAction","target":{"@type":"EntryPoint","urlTemplate":"https:\/\/www.fundacioimpulsa.org\/es\/?s={search_term_string}"},"query-input":{"@type":"PropertyValueSpecification","valueRequired":true,"valueName":"search_term_string"}}],"inLanguage":"es"}]}},"publishpress_future_action":{"enabled":false,"date":"2026-05-09 02:57:15","action":"change-status","newStatus":"draft","terms":[],"taxonomy":"translation_priority","extraData":[]},"publishpress_future_workflow_manual_trigger":{"enabledWorkflows":[]},"_links":{"self":[{"href":"https:\/\/www.fundacioimpulsa.org\/es\/wp-json\/wp\/v2\/pages\/5517","targetHints":{"allow":["GET"]}}],"collection":[{"href":"https:\/\/www.fundacioimpulsa.org\/es\/wp-json\/wp\/v2\/pages"}],"about":[{"href":"https:\/\/www.fundacioimpulsa.org\/es\/wp-json\/wp\/v2\/types\/page"}],"author":[{"embeddable":true,"href":"https:\/\/www.fundacioimpulsa.org\/es\/wp-json\/wp\/v2\/users\/1"}],"replies":[{"embeddable":true,"href":"https:\/\/www.fundacioimpulsa.org\/es\/wp-json\/wp\/v2\/comments?post=5517"}],"version-history":[{"count":6,"href":"https:\/\/www.fundacioimpulsa.org\/es\/wp-json\/wp\/v2\/pages\/5517\/revisions"}],"predecessor-version":[{"id":12054,"href":"https:\/\/www.fundacioimpulsa.org\/es\/wp-json\/wp\/v2\/pages\/5517\/revisions\/12054"}],"wp:attachment":[{"href":"https:\/\/www.fundacioimpulsa.org\/es\/wp-json\/wp\/v2\/media?parent=5517"}],"curies":[{"name":"wp","href":"https:\/\/api.w.org\/{rel}","templated":true}]}}