{"id":5545,"date":"2022-02-13T19:04:58","date_gmt":"2022-02-13T18:04:58","guid":{"rendered":"https:\/\/www.fundacioimpulsa.org\/contacta\/"},"modified":"2022-09-04T21:44:48","modified_gmt":"2022-09-04T19:44:48","slug":"contacta","status":"publish","type":"page","link":"https:\/\/www.fundacioimpulsa.org\/es\/contacta\/","title":{"rendered":"Contacta"},"content":{"rendered":"\n<style type=\"text\/css\" data-created_by=\"avia_inline_auto\" id=\"style-css-av-l38sji91-29557e41d44fa05c0d1d411e8d123ec5\">\n.avia-section.av-l38sji91-29557e41d44fa05c0d1d411e8d123ec5{\nbackground-color:#eaf6fe;\nbackground-image:unset;\n}\n<\/style>\n<div id='av_section_1'  class='avia-section av-l38sji91-29557e41d44fa05c0d1d411e8d123ec5 main_color avia-section-default avia-no-border-styling  avia-builder-el-0  el_before_av_one_full  avia-builder-el-first  avia-bg-style-scroll container_wrap fullsize'  ><div class='container av-section-cont-open' ><main  role=\"main\" itemprop=\"mainContentOfPage\"  class='template-page content  av-content-full alpha units'><div class='post-entry post-entry-type-page post-entry-5545'><div class='entry-content-wrapper clearfix'>\n\n<style type=\"text\/css\" data-created_by=\"avia_inline_auto\" id=\"style-css-av-l38sj5x9-b4d5c1d16e0e500356367cd964609dbd\">\n#top .av-special-heading.av-l38sj5x9-b4d5c1d16e0e500356367cd964609dbd{\npadding-bottom:10px;\n}\nbody .av-special-heading.av-l38sj5x9-b4d5c1d16e0e500356367cd964609dbd .av-special-heading-tag .heading-char{\nfont-size:25px;\n}\n.av-special-heading.av-l38sj5x9-b4d5c1d16e0e500356367cd964609dbd .av-subheading{\nfont-size:15px;\n}\n<\/style>\n<div  class='av-special-heading av-l38sj5x9-b4d5c1d16e0e500356367cd964609dbd av-special-heading-h3 blockquote modern-quote  avia-builder-el-1  avia-builder-el-no-sibling '><h3 class='av-special-heading-tag '  itemprop=\"headline\"  >Contacto<\/h3><div class=\"special-heading-border\"><div class=\"special-heading-inner-border\"><\/div><\/div><\/div>\n<\/div><\/div><\/main><!-- close content main element --><\/div><\/div><div id='after_section_1'  class='main_color av_default_container_wrap container_wrap fullsize'  ><div class='container av-section-cont-open' ><div class='template-page content  av-content-full alpha units'><div class='post-entry post-entry-type-page post-entry-5545'><div class='entry-content-wrapper clearfix'>\n<div  class='flex_column av-dqwig-01d387dd816f230da38a1a9b2bc4f66c av_one_full  avia-builder-el-2  el_after_av_section  el_before_av_two_third  avia-builder-el-first  first flex_column_div  '     ><section  class='av_textblock_section av-agm0w-a25239a0382792ba125d456be389d005 '   itemscope=\"itemscope\" itemtype=\"https:\/\/schema.org\/CreativeWork\" ><div class='avia_textblock'  itemprop=\"text\" ><h1>\u00a1S\u00famate al proyecto, ay\u00fadanos a impulsar!<\/h1>\n<\/div><\/section><\/div>\n<style type=\"text\/css\" data-created_by=\"avia_inline_auto\" id=\"style-css-av-rrro0-747783402aa36480da5ba2212aa3c990\">\n#top .flex_column.av-rrro0-747783402aa36480da5ba2212aa3c990{\nmargin-top:0px;\nmargin-bottom:0px;\n}\n.responsive #top #wrap_all .flex_column.av-rrro0-747783402aa36480da5ba2212aa3c990{\nmargin-top:0px;\nmargin-bottom:0px;\n}\n<\/style>\n<div  class='flex_column av-rrro0-747783402aa36480da5ba2212aa3c990 av_two_third  avia-builder-el-4  el_after_av_one_full  el_before_av_section  avia-builder-el-last  first no_margin flex_column_div  column-top-margin'     ><section  class='av_textblock_section av-l38smz1p-3c20fe5157730de365db1520d0651b45 '   itemscope=\"itemscope\" itemtype=\"https:\/\/schema.org\/CreativeWork\" ><div class='avia_textblock'  itemprop=\"text\" ><h6><span style=\"font-weight: 400;\">Si te interesa el proyecto y tienes ganas de colaborar, contacta con nosotros.<br \/>\n<\/span><\/h6>\n<\/div><\/section><\/div><\/div><\/div><\/div><!-- close content main div --><\/div><\/div>\n<style type=\"text\/css\" data-created_by=\"avia_inline_auto\" id=\"style-css-av-j7n2o-e616b3b0d9cc9920b7c3e3bb189f50f1\">\n.avia-section.av-j7n2o-e616b3b0d9cc9920b7c3e3bb189f50f1{\nmargin-top:0px;\nmargin-bottom:50px;\n}\n<\/style>\n<div id='av_section_2'  class='avia-section av-j7n2o-e616b3b0d9cc9920b7c3e3bb189f50f1 main_color avia-section-default avia-no-border-styling  avia-builder-el-6  el_after_av_two_third  el_before_av_layout_row  avia-bg-style-scroll container_wrap fullsize'  ><div class='container av-section-cont-open' ><div class='template-page content  av-content-full alpha units'><div class='post-entry post-entry-type-page post-entry-5545'><div class='entry-content-wrapper clearfix'>\n<div class='flex_column_table av-l55e0-dad669495aa2394b8fb05317adf28743 sc-av_three_fifth av-equal-height-column-flextable'>\n<style type=\"text\/css\" data-created_by=\"avia_inline_auto\" id=\"style-css-av-l55e0-dad669495aa2394b8fb05317adf28743\">\n#top .flex_column_table.av-equal-height-column-flextable.av-l55e0-dad669495aa2394b8fb05317adf28743{\nmargin-top:20px;\nmargin-bottom:20px;\n}\n.flex_column.av-l55e0-dad669495aa2394b8fb05317adf28743{\nwidth:58.4%;\nmargin-left:0;\npadding:40px 40px 40px 40px;\nbackground:url(https:\/\/www.fundacioimpulsa.org\/wp-content\/uploads\/2022\/05\/cantonada-blava.png) 100% 0% no-repeat scroll #eaf6fe;\n}\n#top .flex_column_table.av-equal-height-column-flextable.av-l55e0-dad669495aa2394b8fb05317adf28743 .av-flex-placeholder{\nwidth:4%;\n}\n<\/style>\n<div  class='flex_column av-l55e0-dad669495aa2394b8fb05317adf28743 av_three_fifth  avia-builder-el-7  el_before_av_two_fifth  avia-builder-el-first  first flex_column_table_cell av-equal-height-column av-align-top  '     ><p>\n<style type=\"text\/css\" data-created_by=\"avia_inline_auto\" id=\"style-css-av-l38ss754-de4dc1711caec23da32af8c38c71664d\">\n#top .av_textblock_section.av-l38ss754-de4dc1711caec23da32af8c38c71664d .avia_textblock{\nfont-size:21px;\ncolor:#009fe3;\n}\n<\/style>\n<section  class='av_textblock_section av-l38ss754-de4dc1711caec23da32af8c38c71664d '   itemscope=\"itemscope\" itemtype=\"https:\/\/schema.org\/CreativeWork\" ><div class='avia_textblock av_inherit_color'  itemprop=\"text\" ><p><strong>Escr\u00edbenos<\/strong><\/p>\n<\/div><\/section><br \/>\n<section  class='av_textblock_section av-l3ac5ey2-6bf7e8303324265e986548f48c42cb8e '   itemscope=\"itemscope\" itemtype=\"https:\/\/schema.org\/CreativeWork\" ><div class='avia_textblock'  itemprop=\"text\" >\n<div id=\"imp_shortcode_form_content\">\n\n    <div id=\"imp_shortcode_form_content_inner\">\n\n        <form class=\"WebToLeadShortcodeForm\" id=\"WebToLeadFormContact\" action=\"https:\/\/fundacioimpulsa.sinergiacrm.org\/index.php?entryPoint=stic_Web_Forms_saveRecaptcha\" name=\"WebToLeadFormContact\" method=\"POST\">\n\n            <div id=\"imp_contact_form_section_1\" class=\"imp_form_section\">\n\n                <div class=\"imp_form_row\">\n\n                    <div class=\"imp_form_col col-left\"><input placeholder=\"Nombre *\" class=\"campo_requerido\" id=\"first_name\" name=\"first_name\" type=\"text\" required=\"\"><\/div>\n\n                    <div class=\"imp_form_col col-right\"><input placeholder=\"Apellidos *\" class=\"campo_requerido\" id=\"last_name\" name=\"last_name\" type=\"text\" required=\"\"><\/div>\n\n                    <div class=\"clear\">\u00a0<\/div>\n\n                <\/div>\n\n                <div class=\"imp_form_row\">\n\n                    <div class=\"imp_form_col col-left\"><input placeholder=\"M\u00f3vil *\" class=\"campo_requerido\" id=\"phone_mobile\" name=\"phone_mobile\" type=\"text\"><\/div>\n\n                    <div class=\"imp_form_col col-right\"><input placeholder=\"Correo electr\u00f3nico *\" class=\"campo_requerido\" id=\"email1\" name=\"email1\" type=\"email\"><\/div>\n\n                    <div class=\"clear\">\u00a0<\/div>\n\n                <\/div>\n\n                <div class=\"imp_form_row\">\n\n                    <div class=\"imp_form_col col-full\"><textarea placeholder=\"Mensaje *\" id=\"missatge_c\" name=\"missatge_c\"><\/textarea><\/div>\n\n                    <div class=\"clear\">\u00a0<\/div>\n\n                <\/div>\n\n                <div id=\"imp_form_aviso_contacto\" class=\"imp_form_row imp_form_aviso\">\n                    <div class=\"imp_form_col col-full\"><p>Revisa que todos los campos obligatorios est\u00e9n completados, los que tienen un <span class=\"required_msg\">*<\/span><\/p><\/div>\n                    <div id=\"imp_form_aviso_contacto_extra_1\" class=\"imp_form_col col-full\"><\/div>\n                    <div class=\"clear\">\u00a0<\/div>\n                <\/div>\n\n                <div id=\"imp_form_contacto_aviso_env\" class=\"imp_form_row imp_form_aviso imp_form_aviso_env\">\n                    <div class=\"imp_form_col col-full\"><p style=\"color: #198754;\">Enviado!<\/p><\/div>\n                    <div class=\"clear\">\u00a0<\/div>\n                <\/div>\n\n                <div class=\"imp_form_row imp_form_row_checkbox_contact\">\n                    <div class=\"imp_form_col col-full imp_form_col_checkbox_contact\">\n                        <label for=\"accepta_privacitat_c\" class=\"imp_checkbox_label_contact\">\n                            <input\n                                type=\"checkbox\"\n                                id=\"accepta_privacitat_c\"\n                                name=\"accepta_privacitat_c\"\n                                value=\"1\"\n                                class=\"campo_requerido\"\n                                required\n                            >\n\n                            <span class=\"imp_checkbox_text_contact\">\n                                \n                                    Acepto que la FUNDACI\u00d3 IMPULSA, como responsable del tratamiento, trate mis datos personales para gestionar y atender el mensaje enviado y, en su caso, para ponerse en contacto conmigo con el fin de poder gestionar la solicitud enviada. Podr\u00e9 acceder, rectificar y suprimir mis datos, ejercer otros derechos y obtener informaci\u00f3n adicional y detallada sobre protecci\u00f3n de datos consultando la\n                                    <a href=\"https:\/\/www.fundacioimpulsa.org\/es\/politica-privacitat\/\" target=\"_blank\" rel=\"noopener\">pol\u00edtica de privacidad<\/a>.\n                                    <span class=\"required_msg\">*<\/span>\n\n                                                            <\/span>\n                        <\/label>\n\n                        <div id=\"imp_form_aviso_privacitat\" class=\"imp_form_checkbox_error_contact\" style=\"display:none;\">\n                            Debes aceptar la pol\u00edtica de privacidad para poder enviar el formulario.                        <\/div>\n                    <\/div>\n\n                    <div class=\"clear\"> <\/div>\n                <\/div>\n                <div class=\"imp_form_row\">\n                    <div class=\"imp_form_col col-right\">\n                        <a class=\"imp_shortcode_submit_button\" id=\"imp_contact_submit_button\" class=\"\" >Enviar<\/a>\n                    <\/div>\n                    <div class=\"clear\">\u00a0<\/div>\n                <\/div>\n\n            <\/div>\n\n            <input type=\"hidden\" id=\"campaign_id\" name=\"campaign_id\" value=\"255ce952-aeee-2438-0321-620a76ab35f6\">\n            <input type=\"hidden\" id=\"redirect_url\" name=\"redirect_url\" value=\"https:\/\/www.fundacioimpulsa.org\/es\/contacta-gracies\/\">\n            <input type=\"hidden\" id=\"assigned_user_id\" name=\"assigned_user_id\" value=\"8180d18e-f9c6-31f2-1d60-63402cfd4632\">\n\n            <input type=\"hidden\" id=\"moduleDir\" name=\"moduleDir\" value=\"Contacts\"><\/form>\n\n    <\/div>\n\n<\/div>\n<script>\ndocument.addEventListener('DOMContentLoaded', function () {\n\n    function validarCheckboxEnFormulari(buttonId, checkboxId, errorId) {\n        const button = document.getElementById(buttonId);\n        const checkbox = document.getElementById(checkboxId);\n        const error = document.getElementById(errorId);\n\n        if (!button || !checkbox) {\n            return;\n        }\n\n        button.addEventListener('click', function (e) {\n            if (!checkbox.checked) {\n                e.preventDefault();\n                e.stopImmediatePropagation();\n\n                if (error) {\n                    error.style.display = 'block';\n                }\n\n                checkbox.focus();\n                return false;\n            }\n\n            if (error) {\n                error.style.display = 'none';\n            }\n        }, true);\n\n        checkbox.addEventListener('change', function () {\n            if (checkbox.checked && error) {\n                error.style.display = 'none';\n            }\n        });\n    }\n\n    validarCheckboxEnFormulari(\n        'imp_news_submit_button',\n        'accepta_comunicacions_c',\n        'imp_form_aviso_comunicacions'\n    );\n\n    validarCheckboxEnFormulari(\n        'imp_contact_submit_button',\n        'accepta_privacitat_c',\n        'imp_form_aviso_privacitat'\n    );\n\n});\n<\/script>\n<style>\n#WebToLeadFormContact .imp_form_row_checkbox_contact {\n    clear: both !important;\n    float: none !important;\n    display: block !important;\n    width: 100% !important;\n    margin-top: 22px;\n    margin-bottom: 22px;\n}\n\n#WebToLeadFormContact .imp_form_col_checkbox_contact {\n    clear: both !important;\n    float: none !important;\n    display: block !important;\n    width: 100% !important;\n    max-width: none !important;\n    padding: 0 !important;\n    box-sizing: border-box;\n}\n\n#WebToLeadFormContact .imp_checkbox_label_contact {\n    display: grid !important;\n    grid-template-columns: 18px minmax(0, 1fr) !important;\n    gap: 12px !important;\n    align-items: flex-start !important;\n    width: 100% !important;\n    max-width: 784px !important;\n    margin: 0 !important;\n    color: #333333;\n    font-size: 14px;\n    line-height: 1.45;\n    font-weight: 400;\n    box-sizing: border-box;\n}\n\n#WebToLeadFormContact .imp_checkbox_label_contact input[type=\"checkbox\"] {\n    width: auto !important;\n    height: auto !important;\n    margin: 4px 0 0 0 !important;\n    padding: 0 !important;\n    flex-shrink: 0;\n}\n\n#WebToLeadFormContact .imp_checkbox_text_contact {\n    display: block !important;\n    min-width: 0 !important;\n    width: 100% !important;\n    white-space: normal !important;\n    overflow-wrap: break-word !important;\n    word-break: normal !important;\n}\n\n#WebToLeadFormContact .imp_checkbox_text_contact a {\n    color: #009fe3;\n    text-decoration: underline;\n    font-weight: 600;\n}\n\n#WebToLeadFormContact .imp_form_checkbox_error_contact {\n    margin-top: 8px;\n    color: #dc3545;\n    font-size: 14px;\n    font-weight: 600;\n}\n<\/style>\n<\/div><\/section><br \/>\n\n<style type=\"text\/css\" data-created_by=\"avia_inline_auto\" id=\"style-css-av-dcaa0-f4acc0828c74421123405bab2932f352\">\n#top .hr.hr-invisible.av-dcaa0-f4acc0828c74421123405bab2932f352{\nheight:30px;\n}\n<\/style>\n<div  class='hr av-dcaa0-f4acc0828c74421123405bab2932f352 hr-invisible  avia-builder-el-10  el_after_av_textblock  el_before_av_image '><span class='hr-inner '><span class=\"hr-inner-style\"><\/span><\/span><\/div><br \/>\n\n<style type=\"text\/css\" data-created_by=\"avia_inline_auto\" id=\"style-css-av-ay1c8-f1b55e78e75357435bcaf60a806eed1d\">\n.avia-image-container.av-ay1c8-f1b55e78e75357435bcaf60a806eed1d img.avia_image{\nbox-shadow:none;\n}\n.avia-image-container.av-ay1c8-f1b55e78e75357435bcaf60a806eed1d .av-image-caption-overlay-center{\ncolor:#ffffff;\n}\n<\/style>\n<div  class='avia-image-container av-ay1c8-f1b55e78e75357435bcaf60a806eed1d av-styling-no-styling avia-align-left  avia-builder-el-11  el_after_av_hr  avia-builder-el-last '   itemprop=\"image\" itemscope=\"itemscope\" itemtype=\"https:\/\/schema.org\/ImageObject\" ><div class=\"avia-image-container-inner\"><div class=\"avia-image-overlay-wrap\"><img decoding=\"async\" fetchpriority=\"high\" class='wp-image-5318 avia-img-lazy-loading-not-5318 avia_image ' src=\"https:\/\/www.fundacioimpulsa.org\/wp-content\/uploads\/2022\/05\/fletxa-blava2.png\" alt='' title='fletxa-blava2'  height=\"29\" width=\"30\"  itemprop=\"thumbnailUrl\"  \/><\/div><\/div><\/div><\/p><\/div><div class='av-flex-placeholder'><\/div>\n<style type=\"text\/css\" data-created_by=\"avia_inline_auto\" id=\"style-css-av-dgp88-0a1d4fbb9010d1bf1b9c7090b55209ed\">\n#top .flex_column_table.av-equal-height-column-flextable.av-dgp88-0a1d4fbb9010d1bf1b9c7090b55209ed{\nmargin-top:20px;\nmargin-bottom:20px;\n}\n.flex_column.av-dgp88-0a1d4fbb9010d1bf1b9c7090b55209ed{\nwidth:37.6%;\nmargin-left:0;\n}\n#top .flex_column_table.av-equal-height-column-flextable.av-dgp88-0a1d4fbb9010d1bf1b9c7090b55209ed .av-flex-placeholder{\nwidth:4%;\n}\n<\/style>\n<div  class='flex_column av-dgp88-0a1d4fbb9010d1bf1b9c7090b55209ed av_two_fifth  avia-builder-el-12  el_after_av_three_fifth  avia-builder-el-last  flex_column_table_cell av-equal-height-column av-align-top  '     ><section  class='av_textblock_section av-l38snezg-219462a0c253e2121c2c3b500d751c46 '   itemscope=\"itemscope\" itemtype=\"https:\/\/schema.org\/CreativeWork\" ><div class='avia_textblock'  itemprop=\"text\" ><h3>Encu\u00e9ntranos en:<\/h3>\n<h6><a href=\"mailto:hola@fundacioimpulsa.org\">hola@fundacioimpulsa.org<\/a><br \/>\nTel. 931 307 212<\/h6>\n<\/div><\/section><\/div><\/div><!--close column table wrapper. Autoclose: 1 --><\/div><\/div><\/div><!-- close content main div --><\/div><\/div><div id='av-layout-grid-1'  class='av-layout-grid-container av-l4envu4v-1c6a343a08869665d783b0c7c84ea4a3 entry-content-wrapper main_color av-flex-cells  avia-builder-el-14  el_after_av_section  avia-builder-el-last  grid-row-not-first  container_wrap fullsize'  >\n\n<style type=\"text\/css\" data-created_by=\"avia_inline_auto\" id=\"style-css-av-l4envn7z-a87b077f71d9722c948c718fb13e9276\">\n.flex_cell.av-l4envn7z-a87b077f71d9722c948c718fb13e9276{\nvertical-align:top;\n}\n.responsive #top #wrap_all .flex_cell.av-l4envn7z-a87b077f71d9722c948c718fb13e9276{\npadding:0px 0px 0px 0px !important;\n}\n<\/style>\n<div class='flex_cell av-l4envn7z-a87b077f71d9722c948c718fb13e9276 av-gridrow-cell av_one_full no_margin  avia-builder-el-15  avia-builder-el-no-sibling  content-align-top av-zero-padding'  ><div class='flex_cell_inner'>\n<\/div><\/div>\n<\/div><\/p>\n","protected":false},"excerpt":{"rendered":"","protected":false},"author":1,"featured_media":0,"parent":0,"menu_order":0,"comment_status":"closed","ping_status":"closed","template":"","meta":{"_acf_changed":false,"footnotes":""},"class_list":["post-5545","page","type-page","status-publish","hentry"],"acf":[],"yoast_head":"<!-- This site is optimized with the Yoast SEO plugin v27.5 - https:\/\/yoast.com\/product\/yoast-seo-wordpress\/ -->\n<title>Contacta - Fundacio Impulsa<\/title>\n<meta name=\"robots\" content=\"index, follow, max-snippet:-1, max-image-preview:large, max-video-preview:-1\" \/>\n<link rel=\"canonical\" href=\"https:\/\/www.fundacioimpulsa.org\/es\/contacta\/\" \/>\n<meta property=\"og:locale\" content=\"es_ES\" \/>\n<meta property=\"og:type\" content=\"article\" \/>\n<meta property=\"og:title\" content=\"Contacta - Fundacio Impulsa\" \/>\n<meta property=\"og:url\" content=\"https:\/\/www.fundacioimpulsa.org\/es\/contacta\/\" \/>\n<meta property=\"og:site_name\" content=\"Fundacio Impulsa\" \/>\n<meta property=\"article:modified_time\" content=\"2022-09-04T19:44:48+00:00\" \/>\n<meta name=\"twitter:card\" content=\"summary_large_image\" \/>\n<meta name=\"twitter:label1\" content=\"Tiempo de lectura\" \/>\n\t<meta name=\"twitter:data1\" content=\"11 minutos\" \/>\n<script type=\"application\/ld+json\" class=\"yoast-schema-graph\">{\"@context\":\"https:\\\/\\\/schema.org\",\"@graph\":[{\"@type\":\"WebPage\",\"@id\":\"https:\\\/\\\/www.fundacioimpulsa.org\\\/es\\\/contacta\\\/\",\"url\":\"https:\\\/\\\/www.fundacioimpulsa.org\\\/es\\\/contacta\\\/\",\"name\":\"Contacta - Fundacio Impulsa\",\"isPartOf\":{\"@id\":\"https:\\\/\\\/www.fundacioimpulsa.org\\\/es\\\/#website\"},\"datePublished\":\"2022-02-13T18:04:58+00:00\",\"dateModified\":\"2022-09-04T19:44:48+00:00\",\"breadcrumb\":{\"@id\":\"https:\\\/\\\/www.fundacioimpulsa.org\\\/es\\\/contacta\\\/#breadcrumb\"},\"inLanguage\":\"es\",\"potentialAction\":[{\"@type\":\"ReadAction\",\"target\":[\"https:\\\/\\\/www.fundacioimpulsa.org\\\/es\\\/contacta\\\/\"]}]},{\"@type\":\"BreadcrumbList\",\"@id\":\"https:\\\/\\\/www.fundacioimpulsa.org\\\/es\\\/contacta\\\/#breadcrumb\",\"itemListElement\":[{\"@type\":\"ListItem\",\"position\":1,\"name\":\"Inici\",\"item\":\"https:\\\/\\\/www.fundacioimpulsa.org\\\/es\\\/fundacio-impulsa\\\/\"},{\"@type\":\"ListItem\",\"position\":2,\"name\":\"Contacta\"}]},{\"@type\":\"WebSite\",\"@id\":\"https:\\\/\\\/www.fundacioimpulsa.org\\\/es\\\/#website\",\"url\":\"https:\\\/\\\/www.fundacioimpulsa.org\\\/es\\\/\",\"name\":\"Fundacio Impulsa\",\"description\":\"\",\"potentialAction\":[{\"@type\":\"SearchAction\",\"target\":{\"@type\":\"EntryPoint\",\"urlTemplate\":\"https:\\\/\\\/www.fundacioimpulsa.org\\\/es\\\/?s={search_term_string}\"},\"query-input\":{\"@type\":\"PropertyValueSpecification\",\"valueRequired\":true,\"valueName\":\"search_term_string\"}}],\"inLanguage\":\"es\"}]}<\/script>\n<!-- \/ Yoast SEO plugin. -->","yoast_head_json":{"title":"Contacta - Fundacio Impulsa","robots":{"index":"index","follow":"follow","max-snippet":"max-snippet:-1","max-image-preview":"max-image-preview:large","max-video-preview":"max-video-preview:-1"},"canonical":"https:\/\/www.fundacioimpulsa.org\/es\/contacta\/","og_locale":"es_ES","og_type":"article","og_title":"Contacta - Fundacio Impulsa","og_url":"https:\/\/www.fundacioimpulsa.org\/es\/contacta\/","og_site_name":"Fundacio Impulsa","article_modified_time":"2022-09-04T19:44:48+00:00","twitter_card":"summary_large_image","twitter_misc":{"Tiempo de lectura":"11 minutos"},"schema":{"@context":"https:\/\/schema.org","@graph":[{"@type":"WebPage","@id":"https:\/\/www.fundacioimpulsa.org\/es\/contacta\/","url":"https:\/\/www.fundacioimpulsa.org\/es\/contacta\/","name":"Contacta - Fundacio Impulsa","isPartOf":{"@id":"https:\/\/www.fundacioimpulsa.org\/es\/#website"},"datePublished":"2022-02-13T18:04:58+00:00","dateModified":"2022-09-04T19:44:48+00:00","breadcrumb":{"@id":"https:\/\/www.fundacioimpulsa.org\/es\/contacta\/#breadcrumb"},"inLanguage":"es","potentialAction":[{"@type":"ReadAction","target":["https:\/\/www.fundacioimpulsa.org\/es\/contacta\/"]}]},{"@type":"BreadcrumbList","@id":"https:\/\/www.fundacioimpulsa.org\/es\/contacta\/#breadcrumb","itemListElement":[{"@type":"ListItem","position":1,"name":"Inici","item":"https:\/\/www.fundacioimpulsa.org\/es\/fundacio-impulsa\/"},{"@type":"ListItem","position":2,"name":"Contacta"}]},{"@type":"WebSite","@id":"https:\/\/www.fundacioimpulsa.org\/es\/#website","url":"https:\/\/www.fundacioimpulsa.org\/es\/","name":"Fundacio Impulsa","description":"","potentialAction":[{"@type":"SearchAction","target":{"@type":"EntryPoint","urlTemplate":"https:\/\/www.fundacioimpulsa.org\/es\/?s={search_term_string}"},"query-input":{"@type":"PropertyValueSpecification","valueRequired":true,"valueName":"search_term_string"}}],"inLanguage":"es"}]}},"publishpress_future_action":{"enabled":false,"date":"2026-05-09 06:33:46","action":"change-status","newStatus":"draft","terms":[],"taxonomy":"translation_priority","extraData":[]},"publishpress_future_workflow_manual_trigger":{"enabledWorkflows":[]},"_links":{"self":[{"href":"https:\/\/www.fundacioimpulsa.org\/es\/wp-json\/wp\/v2\/pages\/5545","targetHints":{"allow":["GET"]}}],"collection":[{"href":"https:\/\/www.fundacioimpulsa.org\/es\/wp-json\/wp\/v2\/pages"}],"about":[{"href":"https:\/\/www.fundacioimpulsa.org\/es\/wp-json\/wp\/v2\/types\/page"}],"author":[{"embeddable":true,"href":"https:\/\/www.fundacioimpulsa.org\/es\/wp-json\/wp\/v2\/users\/1"}],"replies":[{"embeddable":true,"href":"https:\/\/www.fundacioimpulsa.org\/es\/wp-json\/wp\/v2\/comments?post=5545"}],"version-history":[{"count":5,"href":"https:\/\/www.fundacioimpulsa.org\/es\/wp-json\/wp\/v2\/pages\/5545\/revisions"}],"predecessor-version":[{"id":6353,"href":"https:\/\/www.fundacioimpulsa.org\/es\/wp-json\/wp\/v2\/pages\/5545\/revisions\/6353"}],"wp:attachment":[{"href":"https:\/\/www.fundacioimpulsa.org\/es\/wp-json\/wp\/v2\/media?parent=5545"}],"curies":[{"name":"wp","href":"https:\/\/api.w.org\/{rel}","templated":true}]}}