{"id":5638,"date":"2022-02-21T12:14:51","date_gmt":"2022-02-21T11:14:51","guid":{"rendered":"https:\/\/www.fundacioimpulsa.org\/impulsa-oportunitats\/"},"modified":"2024-08-27T12:01:25","modified_gmt":"2024-08-27T10:01:25","slug":"impulsa-oportunitats","status":"publish","type":"page","link":"https:\/\/www.fundacioimpulsa.org\/es\/impulsa-oportunitats\/","title":{"rendered":"Impulsa Oportunidades Laborales"},"content":{"rendered":"\n<style type=\"text\/css\" data-created_by=\"avia_inline_auto\" id=\"style-css-av-9km4q7-0000e32d9f20e5ef77bb40afeb64a39e\">\n.avia-section.av-9km4q7-0000e32d9f20e5ef77bb40afeb64a39e{\nbackground-color:#ffdd94;\nbackground-image:unset;\n}\n<\/style>\n<div id='av_section_1'  class='avia-section av-9km4q7-0000e32d9f20e5ef77bb40afeb64a39e main_color avia-section-default avia-no-border-styling  avia-builder-el-0  el_before_av_three_fourth  avia-builder-el-first  avia-bg-style-scroll container_wrap fullsize'  ><div class='container av-section-cont-open' ><main  role=\"main\" itemprop=\"mainContentOfPage\"  class='template-page content  av-content-full alpha units'><div class='post-entry post-entry-type-page post-entry-5638'><div class='entry-content-wrapper clearfix'>\n\n<style type=\"text\/css\" data-created_by=\"avia_inline_auto\" id=\"style-css-av-9fbtnb-0e78e46d769052845e030e49b8693b28\">\n#top .av-special-heading.av-9fbtnb-0e78e46d769052845e030e49b8693b28{\npadding-bottom:10px;\n}\nbody .av-special-heading.av-9fbtnb-0e78e46d769052845e030e49b8693b28 .av-special-heading-tag .heading-char{\nfont-size:25px;\n}\n.av-special-heading.av-9fbtnb-0e78e46d769052845e030e49b8693b28 .av-subheading{\nfont-size:15px;\n}\n<\/style>\n<div  class='av-special-heading av-9fbtnb-0e78e46d769052845e030e49b8693b28 av-special-heading-h3 blockquote modern-quote  avia-builder-el-1  avia-builder-el-no-sibling '><h3 class='av-special-heading-tag '  itemprop=\"headline\"  >Impulsa Oportunidades Laborales<\/h3><div class=\"special-heading-border\"><div class=\"special-heading-inner-border\"><\/div><\/div><\/div>\n<\/div><\/div><\/main><!-- close content main element --><\/div><\/div><div id='after_section_1'  class='main_color av_default_container_wrap container_wrap fullsize'  ><div class='container av-section-cont-open' ><div class='template-page content  av-content-full alpha units'><div class='post-entry post-entry-type-page post-entry-5638'><div class='entry-content-wrapper clearfix'>\n<div  class='flex_column av-x2j5j-82e7acfa0c8c582c930083d39b1779e5 av_three_fourth  avia-builder-el-2  el_after_av_section  el_before_av_two_third  avia-builder-el-first  first flex_column_div  '     ><section  class='av_textblock_section av-8zc0hb-678de6bab608a6e55580f41f7fae2243 '   itemscope=\"itemscope\" itemtype=\"https:\/\/schema.org\/CreativeWork\" ><div class='avia_textblock'  itemprop=\"text\" ><h1>Contribuimos a la orientaci\u00f3n, inserci\u00f3n y formaci\u00f3n de los j\u00f3venes en el \u00e1mbito laboral<\/h1>\n<\/div><\/section><\/div>\n<style type=\"text\/css\" data-created_by=\"avia_inline_auto\" id=\"style-css-av-8wg8db-016f3283974727982c13be3a079d8701\">\n#top .flex_column.av-8wg8db-016f3283974727982c13be3a079d8701{\nmargin-top:0px;\nmargin-bottom:0px;\n}\n.responsive #top #wrap_all .flex_column.av-8wg8db-016f3283974727982c13be3a079d8701{\nmargin-top:0px;\nmargin-bottom:0px;\n}\n<\/style>\n<div  class='flex_column av-8wg8db-016f3283974727982c13be3a079d8701 av_two_third  avia-builder-el-4  el_after_av_three_fourth  el_before_av_hr  first no_margin flex_column_div  column-top-margin'     ><section  class='av_textblock_section av-8q03vz-14d246678872d7ab6ac6d61fae894a79 '   itemscope=\"itemscope\" itemtype=\"https:\/\/schema.org\/CreativeWork\" ><div class='avia_textblock'  itemprop=\"text\" ><h6>Se ofrece a los alumnos orientaci\u00f3n laboral con itinerarios personalizados y formaci\u00f3n en competencias profesionales para asegurar una buena inserci\u00f3n en el mercado de trabajo. Se pone a disposici\u00f3n de los j\u00f3venes una amplia variedad de recursos vinculados con las empresas que colaboran con la Fundaci\u00f3n (visitas a empresas, speed datings, pr\u00e1cticas, etc.), y se les acompa\u00f1a para garantizar que este programa tenga un impacto social en los j\u00f3venes, en las organizaciones y en el territorio, acerc\u00e1ndolos a la realidad laboral.<\/h6>\n<\/div><\/section><\/div>\n<style type=\"text\/css\" data-created_by=\"avia_inline_auto\" id=\"style-css-av-81u8av-1f199932c00c929caf6ed5631a91ebf0\">\n#top .hr.hr-invisible.av-81u8av-1f199932c00c929caf6ed5631a91ebf0{\nheight:50px;\n}\n<\/style>\n<div  class='hr av-81u8av-1f199932c00c929caf6ed5631a91ebf0 hr-invisible  avia-builder-el-6  el_after_av_two_third  el_before_av_section  avia-builder-el-last '><span class='hr-inner '><span class=\"hr-inner-style\"><\/span><\/span><\/div><\/p>\n<\/div><\/div><\/div><!-- close content main div --><\/div><\/div><div id='av_section_2'  class='avia-section av-8kxavb-88454f69556b31f756900c707d6dd75d main_color avia-section-default avia-no-border-styling  avia-builder-el-7  el_after_av_hr  el_before_av_hr  avia-bg-style-scroll container_wrap fullsize'  ><div class='container av-section-cont-open' ><div class='template-page content  av-content-full alpha units'><div class='post-entry post-entry-type-page post-entry-5638'><div class='entry-content-wrapper clearfix'>\n\n<style type=\"text\/css\" data-created_by=\"avia_inline_auto\" id=\"style-css-av-8dhqxb-0d4e9a2ecd9c22742f22deb6c2f762ca\">\n.flex_column.av-8dhqxb-0d4e9a2ecd9c22742f22deb6c2f762ca{\nbackground-color:#c1f2e6;\n}\n<\/style>\n<div  class='flex_column av-8dhqxb-0d4e9a2ecd9c22742f22deb6c2f762ca av_two_fifth  avia-builder-el-8  el_before_av_one_half  avia-builder-el-first  first flex_column_div  '     ><section  class='av_textblock_section av-84htnr-bcbac114247036fb4c025a61186115b5 '   itemscope=\"itemscope\" itemtype=\"https:\/\/schema.org\/CreativeWork\" ><div class='avia_textblock fonstextbloque'  itemprop=\"text\" ><h3>Oportunidades para los j\u00f3venes<\/h3>\n<\/div><\/section><br \/>\n\n<style type=\"text\/css\" data-created_by=\"avia_inline_auto\" id=\"style-css-av-8kv6n-dc0680ba943a29e6e6e025b87e4afe3d\">\n#top .hr.hr-invisible.av-8kv6n-dc0680ba943a29e6e6e025b87e4afe3d{\nheight:50px;\n}\n<\/style>\n<div  class='hr av-8kv6n-dc0680ba943a29e6e6e025b87e4afe3d hr-invisible  avia-builder-el-10  el_after_av_textblock  avia-builder-el-last '><span class='hr-inner '><span class=\"hr-inner-style\"><\/span><\/span><\/div><\/p><\/div><div  class='flex_column av-7we447-f2ac4ac847cfa3fd8179c327bf3ea3a3 av_one_half  avia-builder-el-11  el_after_av_two_fifth  el_before_av_two_fifth  flex_column_div  '     ><p><div class='avia-data-table-wrap av-7o840f-cba2a76e2ad60a17b4d092a0959306f8 avia_responsive_table avia-table-1'><table  class='avia-table avia-data-table avia_pricing_minimal  avia-builder-el-12  el_before_av_textblock  avia-builder-el-first '  itemscope=\"itemscope\" itemtype=\"https:\/\/schema.org\/Table\" ><tbody><tr class=''><td class=''>Competencias para desarrollarse en el mundo laboral.<br \/>\n<\/td><\/tr><tr class=''><td class=''>Experiencia para mejorar y orientar su CV en el \u00e1mbito en el que se ha formado.<\/td><\/tr><tr class=''><td class=''>Contactos con organizaciones y personas activas en el mercado laboral.<\/td><\/tr><tr class=''><td class=''>Estancias formativas remuneradas.<\/td><\/tr><\/tbody><\/table><\/div><br \/>\n<section  class='av_textblock_section av-6714yv-b7f668be18eb9981486b0c17bca3aba5 '   itemscope=\"itemscope\" itemtype=\"https:\/\/schema.org\/CreativeWork\" ><div class='avia_textblock'  itemprop=\"text\" ><p><strong>Los j\u00f3venes reciben formaciones en las que se trabajan competencias transversales como la gesti\u00f3n emocional, las habilidades relacionales, la autonom\u00eda o la responsabilidad. Se les introduce en el mercado laboral y se les ayuda a crear su perfil profesional.<\/strong><\/p>\n<\/div><\/section><\/p><\/div>\n<style type=\"text\/css\" data-created_by=\"avia_inline_auto\" id=\"style-css-av-60dvjj-fd766b859486f02420227b54cb1fa67e\">\n.flex_column.av-60dvjj-fd766b859486f02420227b54cb1fa67e{\nbackground-color:#c1f2e6;\n}\n<\/style>\n<div  class='flex_column av-60dvjj-fd766b859486f02420227b54cb1fa67e av_two_fifth  avia-builder-el-14  el_after_av_one_half  el_before_av_one_half  first flex_column_div  column-top-margin'     ><section  class='av_textblock_section av-5tw4f3-61f5f0e39a0014f36aef2cad5bce8876 '   itemscope=\"itemscope\" itemtype=\"https:\/\/schema.org\/CreativeWork\" ><div class='avia_textblock fonstextbloque'  itemprop=\"text\" ><h3>Oportunidades para las empresas<\/h3>\n<\/div><\/section><br \/>\n\n<style type=\"text\/css\" data-created_by=\"avia_inline_auto\" id=\"style-css-av-5r81bb-d8cc7acaf27cceb9ef6b76f26d8ebab7\">\n#top .hr.hr-invisible.av-5r81bb-d8cc7acaf27cceb9ef6b76f26d8ebab7{\nheight:50px;\n}\n<\/style>\n<div  class='hr av-5r81bb-d8cc7acaf27cceb9ef6b76f26d8ebab7 hr-invisible  avia-builder-el-16  el_after_av_textblock  avia-builder-el-last '><span class='hr-inner '><span class=\"hr-inner-style\"><\/span><\/span><\/div><\/p><\/div><div  class='flex_column av-5hvdpr-40b4c9579f980d9ce3c494bcca0b5aba av_one_half  avia-builder-el-17  el_after_av_two_fifth  el_before_av_hr  flex_column_div  column-top-margin'     ><p><div class='avia-data-table-wrap av-5c7207-ea45a2314c48b7c628f3e989e65b15cc avia_responsive_table avia-table-2'><table  class='avia-table avia-data-table avia_pricing_minimal  avia-builder-el-18  el_before_av_textblock  avia-builder-el-first '  itemscope=\"itemscope\" itemtype=\"https:\/\/schema.org\/Table\" ><tbody><tr class=''><td class=''>Desarrollar su pol\u00edtica de responsabilidad social corporativa.<\/td><\/tr><tr class=''><td class=''>Vincularse al ayudar a los j\u00f3venes a trav\u00e9s de un proyecto social arraigado en el territorio.<\/td><\/tr><tr class=''><td class=''>Aumentar la cohesi\u00f3n y sentimiento de pertenencia de los trabajadores que se implican en un proyecto social compartido.<\/td><\/tr><tr class=''><td class=''>Contratar perfiles profesionales formados y motivados.<br \/>\n<\/td><\/tr><\/tbody><\/table><\/div><br \/>\n<section  class='av_textblock_section av-3uinnb-134f3136911330adff510c1e8ed8432e '   itemscope=\"itemscope\" itemtype=\"https:\/\/schema.org\/CreativeWork\" ><div class='avia_textblock'  itemprop=\"text\" ><p><strong>Desde la Fundaci\u00f3n Impulsa acompa\u00f1an a los j\u00f3venes y las empresas para garantizar que el programa Impulsa Oportunidades tiene un impacto social en j\u00f3venes, organizaciones y territorio. Un referente de la empresa y una t\u00e9cnica de la Fundaci\u00f3n har\u00e1n el seguimiento de la relaci\u00f3n.<\/strong><\/p>\n<\/div><\/section><\/p><\/div>\n<style type=\"text\/css\" data-created_by=\"avia_inline_auto\" id=\"style-css-av-3ojc3r-50ec69f41db44b5d44873c0853066ef4\">\n#top .hr.hr-invisible.av-3ojc3r-50ec69f41db44b5d44873c0853066ef4{\nheight:50px;\n}\n<\/style>\n<div  class='hr av-3ojc3r-50ec69f41db44b5d44873c0853066ef4 hr-invisible  avia-builder-el-20  el_after_av_one_half  avia-builder-el-last '><span class='hr-inner '><span class=\"hr-inner-style\"><\/span><\/span><\/div>\n<\/div><\/div><\/div><!-- close content main div --><\/div><\/div><div id='after_section_2'  class='main_color av_default_container_wrap container_wrap fullsize'  ><div class='container av-section-cont-open' ><div class='template-page content  av-content-full alpha units'><div class='post-entry post-entry-type-page post-entry-5638'><div class='entry-content-wrapper clearfix'>\n\n<style type=\"text\/css\" data-created_by=\"avia_inline_auto\" id=\"style-css-av-l4emjkhd-410a087768a1614e810938fe2a66f2aa\">\n#top .hr.hr-invisible.av-l4emjkhd-410a087768a1614e810938fe2a66f2aa{\nheight:1px;\n}\n<\/style>\n<div  class='hr av-l4emjkhd-410a087768a1614e810938fe2a66f2aa hr-invisible  avia-builder-el-21  el_after_av_section  el_before_av_section  avia-builder-el-no-sibling '><span class='hr-inner '><span class=\"hr-inner-style\"><\/span><\/span><\/div>\n<\/div><\/div><\/div><!-- close content main div --><\/div><\/div>\n<style type=\"text\/css\" data-created_by=\"avia_inline_auto\" id=\"style-css-av-22ssxz-2bc529afb04497b90e72e485195625eb\">\n.avia-section.av-22ssxz-2bc529afb04497b90e72e485195625eb{\nbackground-color:#ddf7e4;\nbackground-image:url(https:\/\/www.fundacioimpulsa.org\/wp-content\/uploads\/2022\/02\/triangle-verd.png);\nbackground-repeat:no-repeat;\nbackground-position:100% 100%;\nbackground-attachment:scroll;\n}\n<\/style>\n<div id='av_section_3'  class='avia-section av-22ssxz-2bc529afb04497b90e72e485195625eb main_color avia-section-no-padding avia-no-border-styling  avia-builder-el-22  el_after_av_hr  avia-builder-el-last  avia-bg-style-scroll container_wrap fullsize'  data-section-bg-repeat='no-repeat'><div class='container av-section-cont-open' ><div class='template-page content  av-content-full alpha units'><div class='post-entry post-entry-type-page post-entry-5638'><div class='entry-content-wrapper clearfix'>\n<div class='flex_column_table av-1xz1jj-cd823f378b74ea6ab91878dba2c8c153 sc-av_one_half av-equal-height-column-flextable'><div  class='flex_column av-1xz1jj-cd823f378b74ea6ab91878dba2c8c153 av_one_half  avia-builder-el-23  el_before_av_one_half  avia-builder-el-first  first flex_column_table_cell av-equal-height-column av-align-bottom  '     ><p>\n<style type=\"text\/css\" data-created_by=\"avia_inline_auto\" id=\"style-css-av-1ouj5j-aa22fa175d129aa16e0f3860dcf0c383\">\n#top .hr.hr-invisible.av-1ouj5j-aa22fa175d129aa16e0f3860dcf0c383{\nheight:50px;\n}\n<\/style>\n<div  class='hr av-1ouj5j-aa22fa175d129aa16e0f3860dcf0c383 hr-invisible  avia-builder-el-24  el_before_av_textblock  avia-builder-el-first '><span class='hr-inner '><span class=\"hr-inner-style\"><\/span><\/span><\/div><br \/>\n<section  class='av_textblock_section av-1kp52f-5b83cf8fc89eb74c36e558f0770ccdd9 '   itemscope=\"itemscope\" itemtype=\"https:\/\/schema.org\/CreativeWork\" ><div class='avia_textblock'  itemprop=\"text\" ><h3 style=\"text-align: left;\">\u00abParticipar en el proyecto de Impulsa nos da la oportunidad de conocer j\u00f3venes a los que m\u00e1s adelante quiz\u00e1s podremos ofrecer trabajo o al rev\u00e9s. Quiz\u00e1s sean ellos mismos los que se interesar\u00e1n por incorporarse al equipo de nuestras empresas\u00bb<\/h3>\n<\/div><\/section><br \/>\n\n<style type=\"text\/css\" data-created_by=\"avia_inline_auto\" id=\"style-css-av-1hjgh3-91ab670b5d3de5a65cba9cbe84ca720e\">\n#top .hr.hr-invisible.av-1hjgh3-91ab670b5d3de5a65cba9cbe84ca720e{\nheight:50px;\n}\n<\/style>\n<div  class='hr av-1hjgh3-91ab670b5d3de5a65cba9cbe84ca720e hr-invisible  avia-builder-el-26  el_after_av_textblock  el_before_av_textblock '><span class='hr-inner '><span class=\"hr-inner-style\"><\/span><\/span><\/div><br \/>\n\n<style type=\"text\/css\" data-created_by=\"avia_inline_auto\" id=\"style-css-av-16mvrb-beff0566340896edaf4337aaa3d15f9e\">\n#top .av_textblock_section.av-16mvrb-beff0566340896edaf4337aaa3d15f9e .avia_textblock{\ncolor:#1d1d1b;\n}\n<\/style>\n<section  class='av_textblock_section av-16mvrb-beff0566340896edaf4337aaa3d15f9e '   itemscope=\"itemscope\" itemtype=\"https:\/\/schema.org\/CreativeWork\" ><div class='avia_textblock av_inherit_color'  itemprop=\"text\" ><p><strong>Gemma Anglada<br \/>\n<\/strong>Coordinadora de Recursos Humanos y \u00c1rea Comercial de MITSA y BIB<\/p>\n<\/div><\/section><br \/>\n\n<style type=\"text\/css\" data-created_by=\"avia_inline_auto\" id=\"style-css-av-10t75b-6a99d2901016bd3d9dc17772edc92b57\">\n#top .hr.hr-invisible.av-10t75b-6a99d2901016bd3d9dc17772edc92b57{\nheight:20px;\n}\n<\/style>\n<div  class='hr av-10t75b-6a99d2901016bd3d9dc17772edc92b57 hr-invisible  avia-builder-el-28  el_after_av_textblock  el_before_av_textblock '><span class='hr-inner '><span class=\"hr-inner-style\"><\/span><\/span><\/div><br \/>\n\n<style type=\"text\/css\" data-created_by=\"avia_inline_auto\" id=\"style-css-av-uvwwn-068261835b470be159138a463cfdfce6\">\n#top .av_textblock_section.av-uvwwn-068261835b470be159138a463cfdfce6 .avia_textblock{\ncolor:#1d1d1b;\n}\n<\/style>\n<section  class='av_textblock_section av-uvwwn-068261835b470be159138a463cfdfce6 '   itemscope=\"itemscope\" itemtype=\"https:\/\/schema.org\/CreativeWork\" ><div class='avia_textblock av_inherit_color'  itemprop=\"text\" ><p><strong>Leer m\u00e1s en:<\/strong><\/p>\n<\/div><\/section><br \/>\n<div  id=\"verde\"  class='avia-button-wrap av-oziav-d0681ccae2b1313065d41e5c4b6cbe16-wrap avia-button-left  avia-builder-el-30  el_after_av_textblock  el_before_av_hr '>\n<style type=\"text\/css\" data-created_by=\"avia_inline_auto\" id=\"style-css-av-oziav-d0681ccae2b1313065d41e5c4b6cbe16\">\n#top #wrap_all .avia-button.av-oziav-d0681ccae2b1313065d41e5c4b6cbe16{\nbox-shadow:none;\ntransition:all 0.4s ease-in-out;\n}\n<\/style>\n<a href='https:\/\/www.fundacioimpulsa.org\/els-clients-de-bonpreu-i-esclat-donen-59-000e-a-la-fundacio-impulsa\/'  class='avia-button av-oziav-d0681ccae2b1313065d41e5c4b6cbe16 av-link-btn avia-icon_select-no avia-size-large avia-position-left avia-color-theme-color'   aria-label=\"Protagonistas Impulsa\"><span class='avia_iconbox_title' >Protagonistas Impulsa<\/span><\/a><\/div><br \/>\n\n<style type=\"text\/css\" data-created_by=\"avia_inline_auto\" id=\"style-css-av-lrein-5c23cd75b845f3dd4f39b49cd12dff05\">\n#top .hr.hr-invisible.av-lrein-5c23cd75b845f3dd4f39b49cd12dff05{\nheight:30px;\n}\n<\/style>\n<div  class='hr av-lrein-5c23cd75b845f3dd4f39b49cd12dff05 hr-invisible  avia-builder-el-31  el_after_av_button  avia-builder-el-last '><span class='hr-inner '><span class=\"hr-inner-style\"><\/span><\/span><\/div><\/p><\/div><div class='av-flex-placeholder'><\/div>\n<style type=\"text\/css\" data-created_by=\"avia_inline_auto\" id=\"style-css-av-gayrb-3389baa993246770b02a2d2a1820d1cb\">\n.flex_column.av-gayrb-3389baa993246770b02a2d2a1820d1cb{\npadding:50px 0 0 0;\nbackground:url(https:\/\/www.fundacioimpulsa.org\/wp-content\/uploads\/2022\/07\/foto-gemmanglada.png) 50% 100% no-repeat scroll ;\n}\n<\/style>\n<div  class='flex_column av-gayrb-3389baa993246770b02a2d2a1820d1cb av_one_half  avia-builder-el-32  el_after_av_one_half  avia-builder-el-last  flex_column_table_cell av-equal-height-column av-align-bottom  '     ><style type=\"text\/css\" data-created_by=\"avia_inline_auto\" id=\"style-css-av-9kdqf-006a330e6bc5112e34debd298535f9ce\">\n#top .hr.hr-invisible.av-9kdqf-006a330e6bc5112e34debd298535f9ce{\nheight:450px;\n}\n<\/style>\n<div  class='hr av-9kdqf-006a330e6bc5112e34debd298535f9ce hr-invisible  avia-builder-el-33  avia-builder-el-no-sibling '><span class='hr-inner '><span class=\"hr-inner-style\"><\/span><\/span><\/div><\/div><\/div><!--close column table wrapper. Autoclose: 1 -->\n\n","protected":false},"excerpt":{"rendered":"","protected":false},"author":1,"featured_media":0,"parent":0,"menu_order":0,"comment_status":"closed","ping_status":"closed","template":"","meta":{"_acf_changed":false,"footnotes":""},"class_list":["post-5638","page","type-page","status-publish","hentry"],"acf":[],"yoast_head":"<!-- This site is optimized with the Yoast SEO plugin v27.5 - https:\/\/yoast.com\/product\/yoast-seo-wordpress\/ -->\n<title>Impulsa Oportunidades Laborales - Fundacio Impulsa<\/title>\n<meta name=\"robots\" content=\"index, follow, max-snippet:-1, max-image-preview:large, max-video-preview:-1\" \/>\n<link rel=\"canonical\" href=\"https:\/\/www.fundacioimpulsa.org\/es\/impulsa-oportunitats\/\" \/>\n<meta property=\"og:locale\" content=\"es_ES\" \/>\n<meta property=\"og:type\" content=\"article\" \/>\n<meta property=\"og:title\" content=\"Impulsa Oportunidades Laborales - Fundacio Impulsa\" \/>\n<meta property=\"og:url\" content=\"https:\/\/www.fundacioimpulsa.org\/es\/impulsa-oportunitats\/\" \/>\n<meta property=\"og:site_name\" content=\"Fundacio Impulsa\" \/>\n<meta property=\"article:modified_time\" content=\"2024-08-27T10:01:25+00:00\" \/>\n<meta name=\"twitter:card\" content=\"summary_large_image\" \/>\n<meta name=\"twitter:label1\" content=\"Tiempo de lectura\" \/>\n\t<meta name=\"twitter:data1\" content=\"2 minutos\" \/>\n<script type=\"application\/ld+json\" class=\"yoast-schema-graph\">{\"@context\":\"https:\\\/\\\/schema.org\",\"@graph\":[{\"@type\":\"WebPage\",\"@id\":\"https:\\\/\\\/www.fundacioimpulsa.org\\\/es\\\/impulsa-oportunitats\\\/\",\"url\":\"https:\\\/\\\/www.fundacioimpulsa.org\\\/es\\\/impulsa-oportunitats\\\/\",\"name\":\"Impulsa Oportunidades Laborales - Fundacio Impulsa\",\"isPartOf\":{\"@id\":\"https:\\\/\\\/www.fundacioimpulsa.org\\\/es\\\/#website\"},\"datePublished\":\"2022-02-21T11:14:51+00:00\",\"dateModified\":\"2024-08-27T10:01:25+00:00\",\"breadcrumb\":{\"@id\":\"https:\\\/\\\/www.fundacioimpulsa.org\\\/es\\\/impulsa-oportunitats\\\/#breadcrumb\"},\"inLanguage\":\"es\",\"potentialAction\":[{\"@type\":\"ReadAction\",\"target\":[\"https:\\\/\\\/www.fundacioimpulsa.org\\\/es\\\/impulsa-oportunitats\\\/\"]}]},{\"@type\":\"BreadcrumbList\",\"@id\":\"https:\\\/\\\/www.fundacioimpulsa.org\\\/es\\\/impulsa-oportunitats\\\/#breadcrumb\",\"itemListElement\":[{\"@type\":\"ListItem\",\"position\":1,\"name\":\"Inici\",\"item\":\"https:\\\/\\\/www.fundacioimpulsa.org\\\/es\\\/fundacio-impulsa\\\/\"},{\"@type\":\"ListItem\",\"position\":2,\"name\":\"Impulsa Oportunidades Laborales\"}]},{\"@type\":\"WebSite\",\"@id\":\"https:\\\/\\\/www.fundacioimpulsa.org\\\/es\\\/#website\",\"url\":\"https:\\\/\\\/www.fundacioimpulsa.org\\\/es\\\/\",\"name\":\"Fundacio Impulsa\",\"description\":\"\",\"potentialAction\":[{\"@type\":\"SearchAction\",\"target\":{\"@type\":\"EntryPoint\",\"urlTemplate\":\"https:\\\/\\\/www.fundacioimpulsa.org\\\/es\\\/?s={search_term_string}\"},\"query-input\":{\"@type\":\"PropertyValueSpecification\",\"valueRequired\":true,\"valueName\":\"search_term_string\"}}],\"inLanguage\":\"es\"}]}<\/script>\n<!-- \/ Yoast SEO plugin. -->","yoast_head_json":{"title":"Impulsa Oportunidades Laborales - Fundacio Impulsa","robots":{"index":"index","follow":"follow","max-snippet":"max-snippet:-1","max-image-preview":"max-image-preview:large","max-video-preview":"max-video-preview:-1"},"canonical":"https:\/\/www.fundacioimpulsa.org\/es\/impulsa-oportunitats\/","og_locale":"es_ES","og_type":"article","og_title":"Impulsa Oportunidades Laborales - Fundacio Impulsa","og_url":"https:\/\/www.fundacioimpulsa.org\/es\/impulsa-oportunitats\/","og_site_name":"Fundacio Impulsa","article_modified_time":"2024-08-27T10:01:25+00:00","twitter_card":"summary_large_image","twitter_misc":{"Tiempo de lectura":"2 minutos"},"schema":{"@context":"https:\/\/schema.org","@graph":[{"@type":"WebPage","@id":"https:\/\/www.fundacioimpulsa.org\/es\/impulsa-oportunitats\/","url":"https:\/\/www.fundacioimpulsa.org\/es\/impulsa-oportunitats\/","name":"Impulsa Oportunidades Laborales - Fundacio Impulsa","isPartOf":{"@id":"https:\/\/www.fundacioimpulsa.org\/es\/#website"},"datePublished":"2022-02-21T11:14:51+00:00","dateModified":"2024-08-27T10:01:25+00:00","breadcrumb":{"@id":"https:\/\/www.fundacioimpulsa.org\/es\/impulsa-oportunitats\/#breadcrumb"},"inLanguage":"es","potentialAction":[{"@type":"ReadAction","target":["https:\/\/www.fundacioimpulsa.org\/es\/impulsa-oportunitats\/"]}]},{"@type":"BreadcrumbList","@id":"https:\/\/www.fundacioimpulsa.org\/es\/impulsa-oportunitats\/#breadcrumb","itemListElement":[{"@type":"ListItem","position":1,"name":"Inici","item":"https:\/\/www.fundacioimpulsa.org\/es\/fundacio-impulsa\/"},{"@type":"ListItem","position":2,"name":"Impulsa Oportunidades Laborales"}]},{"@type":"WebSite","@id":"https:\/\/www.fundacioimpulsa.org\/es\/#website","url":"https:\/\/www.fundacioimpulsa.org\/es\/","name":"Fundacio Impulsa","description":"","potentialAction":[{"@type":"SearchAction","target":{"@type":"EntryPoint","urlTemplate":"https:\/\/www.fundacioimpulsa.org\/es\/?s={search_term_string}"},"query-input":{"@type":"PropertyValueSpecification","valueRequired":true,"valueName":"search_term_string"}}],"inLanguage":"es"}]}},"publishpress_future_action":{"enabled":false,"date":"2026-05-12 00:57:10","action":"change-status","newStatus":"draft","terms":[],"taxonomy":"translation_priority","extraData":[]},"publishpress_future_workflow_manual_trigger":{"enabledWorkflows":[]},"_links":{"self":[{"href":"https:\/\/www.fundacioimpulsa.org\/es\/wp-json\/wp\/v2\/pages\/5638","targetHints":{"allow":["GET"]}}],"collection":[{"href":"https:\/\/www.fundacioimpulsa.org\/es\/wp-json\/wp\/v2\/pages"}],"about":[{"href":"https:\/\/www.fundacioimpulsa.org\/es\/wp-json\/wp\/v2\/types\/page"}],"author":[{"embeddable":true,"href":"https:\/\/www.fundacioimpulsa.org\/es\/wp-json\/wp\/v2\/users\/1"}],"replies":[{"embeddable":true,"href":"https:\/\/www.fundacioimpulsa.org\/es\/wp-json\/wp\/v2\/comments?post=5638"}],"version-history":[{"count":9,"href":"https:\/\/www.fundacioimpulsa.org\/es\/wp-json\/wp\/v2\/pages\/5638\/revisions"}],"predecessor-version":[{"id":11964,"href":"https:\/\/www.fundacioimpulsa.org\/es\/wp-json\/wp\/v2\/pages\/5638\/revisions\/11964"}],"wp:attachment":[{"href":"https:\/\/www.fundacioimpulsa.org\/es\/wp-json\/wp\/v2\/media?parent=5638"}],"curies":[{"name":"wp","href":"https:\/\/api.w.org\/{rel}","templated":true}]}}