{"id":5680,"date":"2022-06-14T17:03:31","date_gmt":"2022-06-14T15:03:31","guid":{"rendered":"https:\/\/www.fundacioimpulsa.org\/pagament-donacio-2\/"},"modified":"2022-09-14T13:09:15","modified_gmt":"2022-09-14T11:09:15","slug":"pagament-donacio-2","status":"publish","type":"page","link":"https:\/\/www.fundacioimpulsa.org\/es\/pagament-donacio-2\/","title":{"rendered":"Pago donaci\u00f3n 2"},"content":{"rendered":"\n<style type=\"text\/css\" data-created_by=\"avia_inline_auto\" id=\"style-css-av-7oc7cs-4d6df65c4f6ffd449771974472366e51\">\n.avia-section.av-7oc7cs-4d6df65c4f6ffd449771974472366e51{\nbackground-color:#eaf6fe;\nbackground-image:unset;\n}\n<\/style>\n<div id='av_section_1'  class='avia-section av-7oc7cs-4d6df65c4f6ffd449771974472366e51 main_color avia-section-default avia-no-border-styling  avia-builder-el-0  el_before_av_one_full  avia-builder-el-first  avia-bg-style-scroll container_wrap fullsize'  ><div class='container av-section-cont-open' ><main  role=\"main\" itemprop=\"mainContentOfPage\"  class='template-page content  av-content-full alpha units'><div class='post-entry post-entry-type-page post-entry-5680'><div class='entry-content-wrapper clearfix'>\n\n<style type=\"text\/css\" data-created_by=\"avia_inline_auto\" id=\"style-css-av-l4fh65wt-cc8f592ff47e129e3f19a7b0ee9bdf84\">\n#top .av-special-heading.av-l4fh65wt-cc8f592ff47e129e3f19a7b0ee9bdf84{\npadding-bottom:10px;\n}\nbody .av-special-heading.av-l4fh65wt-cc8f592ff47e129e3f19a7b0ee9bdf84 .av-special-heading-tag .heading-char{\nfont-size:25px;\n}\n.av-special-heading.av-l4fh65wt-cc8f592ff47e129e3f19a7b0ee9bdf84 .av-subheading{\nfont-size:15px;\n}\n<\/style>\n<div  class='av-special-heading av-l4fh65wt-cc8f592ff47e129e3f19a7b0ee9bdf84 av-special-heading-h3 blockquote modern-quote  avia-builder-el-1  avia-builder-el-no-sibling '><h3 class='av-special-heading-tag '  itemprop=\"headline\"  >Donativos<\/h3><div class=\"special-heading-border\"><div class=\"special-heading-inner-border\"><\/div><\/div><\/div>\n<\/div><\/div><\/main><!-- close content main element --><\/div><\/div><div id='after_section_1'  class='main_color av_default_container_wrap container_wrap fullsize'  ><div class='container av-section-cont-open' ><div class='template-page content  av-content-full alpha units'><div class='post-entry post-entry-type-page post-entry-5680'><div class='entry-content-wrapper clearfix'>\n<div  class='flex_column av-69xuzw-c752eb0fab5eb619557332a11a41ab5f av_one_full  avia-builder-el-2  el_after_av_section  el_before_av_two_third  avia-builder-el-first  first flex_column_div  '     ><section  class='av_textblock_section av-l4fh69j3-957878332c5f5b92f44fd08280e8665a '   itemscope=\"itemscope\" itemtype=\"https:\/\/schema.org\/CreativeWork\" ><div class='avia_textblock'  itemprop=\"text\" ><h1><strong>Gracias por tu colaboraci\u00f3n.<\/strong><\/h1>\n<\/div><\/section><\/div>\n\n<style type=\"text\/css\" data-created_by=\"avia_inline_auto\" id=\"style-css-av-48keek-1f5643a7976d26789a9568a773ef32ca\">\n#top .flex_column.av-48keek-1f5643a7976d26789a9568a773ef32ca{\nmargin-top:0px;\nmargin-bottom:0px;\n}\n.responsive #top #wrap_all .flex_column.av-48keek-1f5643a7976d26789a9568a773ef32ca{\nmargin-top:0px;\nmargin-bottom:0px;\n}\n<\/style>\n<div  class='flex_column av-48keek-1f5643a7976d26789a9568a773ef32ca av_two_third  avia-builder-el-4  el_after_av_one_full  el_before_av_two_third  first no_margin flex_column_div  column-top-margin'     ><section  class='av_textblock_section av-l4fh6e32-fce7b112c525eb292bc5fb9176c925f1 '   itemscope=\"itemscope\" itemtype=\"https:\/\/schema.org\/CreativeWork\" ><div class='avia_textblock'  itemprop=\"text\" ><h6>Recuerda que, para finalizar el proceso de donaci\u00f3n y que te podamos tramitar el certificado de donaci\u00f3n, deber\u00e1s:<\/h6>\n<\/div><\/section><\/div>\n\n<style type=\"text\/css\" data-created_by=\"avia_inline_auto\" id=\"style-css-av-2q3nzg-30503b382ff28d9ad54ef25734c49e8c\">\n#top .flex_column.av-2q3nzg-30503b382ff28d9ad54ef25734c49e8c{\nmargin-top:0px;\nmargin-bottom:0px;\n}\n.responsive #top #wrap_all .flex_column.av-2q3nzg-30503b382ff28d9ad54ef25734c49e8c{\nmargin-top:0px;\nmargin-bottom:0px;\n}\n<\/style>\n<div  class='flex_column av-2q3nzg-30503b382ff28d9ad54ef25734c49e8c av_two_third  avia-builder-el-6  el_after_av_two_third  el_before_av_slideshow_full  avia-builder-el-last  first no_margin flex_column_div  column-top-margin'     ><section  class='av_textblock_section av-l4fh6s7x-889813971a764f77daf0b0ebb6c3bae3 '   itemscope=\"itemscope\" itemtype=\"https:\/\/schema.org\/CreativeWork\" ><div class='avia_textblock'  itemprop=\"text\" ><ul>\n<li>Realizar la transferencia a la cuenta ES20 2100 0007 8402 0146 6012.<\/li>\n<li>Enviar\u00a0a\u00a0<a href=\"mailto:hola@fundacioimpulsa.org\">hola@fundacioimpulsa.org<\/a> el comprobante de la donaci\u00f3n y tus datos personales: nombre, apellidos, DNI o NIF, correo electr\u00f3nico y tel\u00e9fono m\u00f3vil.<\/li>\n<\/ul>\n<p>Contigo hacemos posible que los j\u00f3venes Impulsers puedan llegar all\u00ed donde se propongan.<\/p>\n<p>Sigue el d\u00eda a d\u00eda de la actividad de la Fundaci\u00f3n Impulsa en las redes sociales <a href=\"https:\/\/www.instagram.com\/fundacioimpulsa\/\">Instagram<\/a> | <a href=\"https:\/\/twitter.com\/FundacioImpulsa\">Twitter<\/a> | <a href=\"https:\/\/www.facebook.com\/fundacioimpulsa\/\">Facebook<\/a> o en la web <a href=\"http:\/\/fundacioimpulsa.org\/\">fundacioimpulsa.org<\/a><\/p>\n<p>Si tienes cualquier duda, contacta con nosotros:<\/p>\n<p>Por tel\u00e9fono al 931 307 212 (de lunes a viernes, de 9 h a 17 h)<br \/>\nPor correo electr\u00f3nico a <a href=\"mailto:hola@fundacioimpulsa.org\">hola@fundacioimpulsa.org<\/a><\/p>\n<p>\u00a1Muchas gracias!<\/p>\n<h6><span style=\"font-weight: 400;\">\u00a0<\/span><\/h6>\n<\/div><\/section><br \/>\n\n<style type=\"text\/css\" data-created_by=\"avia_inline_auto\" id=\"style-css-av-l4fhdl7k-17c6bb68cb30beb35adfecb40059fb55\">\n#top .hr.hr-invisible.av-l4fhdl7k-17c6bb68cb30beb35adfecb40059fb55{\nheight:30px;\n}\n<\/style>\n<div  class='hr av-l4fhdl7k-17c6bb68cb30beb35adfecb40059fb55 hr-invisible  avia-builder-el-8  el_after_av_textblock  avia-builder-el-last '><span class='hr-inner '><span class=\"hr-inner-style\"><\/span><\/span><\/div><\/p><\/div><\/div><\/div><\/div><!-- close content main div --><\/div><\/div><div id='full_slider_1'  class='avia-fullwidth-slider main_color avia-shadow   avia-builder-el-9  el_after_av_two_third  avia-builder-el-last   slider-not-first container_wrap fullsize'  ><div  class='avia-slideshow av-l4fh9e3p-e4205fbc920d89983a6e530a65eaab09 avia-slideshow-no scaling av_slideshow_full avia-slide-slider av-slideshow-ui av-control-default av-slideshow-manual av-loop-once av-loop-manual-endless av-default-height-applied   avia-slideshow-1' data-slideshow-options=\"{&quot;animation&quot;:&quot;slide&quot;,&quot;autoplay&quot;:false,&quot;loop_autoplay&quot;:&quot;once&quot;,&quot;interval&quot;:5,&quot;loop_manual&quot;:&quot;manual-endless&quot;,&quot;autoplay_stopper&quot;:false,&quot;noNavigation&quot;:false,&quot;bg_slider&quot;:false,&quot;keep_padding&quot;:false,&quot;hoverpause&quot;:false,&quot;show_slide_delay&quot;:0}\"  itemprop=\"image\" itemscope=\"itemscope\" itemtype=\"https:\/\/schema.org\/ImageObject\" ><ul class='avia-slideshow-inner ' style='padding-bottom: 50%;'><li  class='avia-slideshow-slide av-l4fh9e3p-e4205fbc920d89983a6e530a65eaab09__0  av-single-slide slide-1 slide-odd'><div data-rel='slideshow-1' class='avia-slide-wrap '   ><img decoding=\"async\" fetchpriority=\"high\" class=\"wp-image-5448 avia-img-lazy-loading-not-5448\"  src=\"https:\/\/www.fundacioimpulsa.org\/wp-content\/uploads\/2022\/06\/Editat-imatge-campanya11.png\" width=\"1024\" height=\"512\" title='Fes Mentoria, acompanya un jove' alt=''  itemprop=\"thumbnailUrl\" srcset=\"https:\/\/www.fundacioimpulsa.org\/wp-content\/uploads\/2022\/06\/Editat-imatge-campanya11.png 1024w, https:\/\/www.fundacioimpulsa.org\/wp-content\/uploads\/2022\/06\/Editat-imatge-campanya11-300x150.png 300w, https:\/\/www.fundacioimpulsa.org\/wp-content\/uploads\/2022\/06\/Editat-imatge-campanya11-768x384.png 768w, https:\/\/www.fundacioimpulsa.org\/wp-content\/uploads\/2022\/06\/Editat-imatge-campanya11-705x353.png 705w\" sizes=\"(max-width: 1024px) 100vw, 1024px\" \/><\/div><\/li><\/ul><\/div><\/div><\/p>\n","protected":false},"excerpt":{"rendered":"","protected":false},"author":2,"featured_media":0,"parent":0,"menu_order":0,"comment_status":"closed","ping_status":"closed","template":"","meta":{"_acf_changed":false,"footnotes":""},"class_list":["post-5680","page","type-page","status-publish","hentry"],"acf":[],"yoast_head":"<!-- This site is optimized with the Yoast SEO plugin v27.5 - https:\/\/yoast.com\/product\/yoast-seo-wordpress\/ -->\n<title>Pago donaci\u00f3n 2 - Fundacio Impulsa<\/title>\n<meta name=\"robots\" content=\"index, follow, max-snippet:-1, max-image-preview:large, max-video-preview:-1\" \/>\n<link rel=\"canonical\" href=\"https:\/\/www.fundacioimpulsa.org\/es\/pagament-donacio-2\/\" \/>\n<meta property=\"og:locale\" content=\"es_ES\" \/>\n<meta property=\"og:type\" content=\"article\" \/>\n<meta property=\"og:title\" content=\"Pago donaci\u00f3n 2 - Fundacio Impulsa\" \/>\n<meta property=\"og:url\" content=\"https:\/\/www.fundacioimpulsa.org\/es\/pagament-donacio-2\/\" \/>\n<meta property=\"og:site_name\" content=\"Fundacio Impulsa\" \/>\n<meta property=\"article:modified_time\" content=\"2022-09-14T11:09:15+00:00\" \/>\n<meta name=\"twitter:card\" content=\"summary_large_image\" \/>\n<meta name=\"twitter:label1\" content=\"Tiempo de lectura\" \/>\n\t<meta name=\"twitter:data1\" content=\"8 minutos\" \/>\n<script type=\"application\/ld+json\" class=\"yoast-schema-graph\">{\"@context\":\"https:\\\/\\\/schema.org\",\"@graph\":[{\"@type\":\"WebPage\",\"@id\":\"https:\\\/\\\/www.fundacioimpulsa.org\\\/es\\\/pagament-donacio-2\\\/\",\"url\":\"https:\\\/\\\/www.fundacioimpulsa.org\\\/es\\\/pagament-donacio-2\\\/\",\"name\":\"Pago donaci\u00f3n 2 - Fundacio Impulsa\",\"isPartOf\":{\"@id\":\"https:\\\/\\\/www.fundacioimpulsa.org\\\/es\\\/#website\"},\"datePublished\":\"2022-06-14T15:03:31+00:00\",\"dateModified\":\"2022-09-14T11:09:15+00:00\",\"breadcrumb\":{\"@id\":\"https:\\\/\\\/www.fundacioimpulsa.org\\\/es\\\/pagament-donacio-2\\\/#breadcrumb\"},\"inLanguage\":\"es\",\"potentialAction\":[{\"@type\":\"ReadAction\",\"target\":[\"https:\\\/\\\/www.fundacioimpulsa.org\\\/es\\\/pagament-donacio-2\\\/\"]}]},{\"@type\":\"BreadcrumbList\",\"@id\":\"https:\\\/\\\/www.fundacioimpulsa.org\\\/es\\\/pagament-donacio-2\\\/#breadcrumb\",\"itemListElement\":[{\"@type\":\"ListItem\",\"position\":1,\"name\":\"Inici\",\"item\":\"https:\\\/\\\/www.fundacioimpulsa.org\\\/es\\\/fundacio-impulsa\\\/\"},{\"@type\":\"ListItem\",\"position\":2,\"name\":\"Pago donaci\u00f3n 2\"}]},{\"@type\":\"WebSite\",\"@id\":\"https:\\\/\\\/www.fundacioimpulsa.org\\\/es\\\/#website\",\"url\":\"https:\\\/\\\/www.fundacioimpulsa.org\\\/es\\\/\",\"name\":\"Fundacio Impulsa\",\"description\":\"\",\"potentialAction\":[{\"@type\":\"SearchAction\",\"target\":{\"@type\":\"EntryPoint\",\"urlTemplate\":\"https:\\\/\\\/www.fundacioimpulsa.org\\\/es\\\/?s={search_term_string}\"},\"query-input\":{\"@type\":\"PropertyValueSpecification\",\"valueRequired\":true,\"valueName\":\"search_term_string\"}}],\"inLanguage\":\"es\"}]}<\/script>\n<!-- \/ Yoast SEO plugin. -->","yoast_head_json":{"title":"Pago donaci\u00f3n 2 - Fundacio Impulsa","robots":{"index":"index","follow":"follow","max-snippet":"max-snippet:-1","max-image-preview":"max-image-preview:large","max-video-preview":"max-video-preview:-1"},"canonical":"https:\/\/www.fundacioimpulsa.org\/es\/pagament-donacio-2\/","og_locale":"es_ES","og_type":"article","og_title":"Pago donaci\u00f3n 2 - Fundacio Impulsa","og_url":"https:\/\/www.fundacioimpulsa.org\/es\/pagament-donacio-2\/","og_site_name":"Fundacio Impulsa","article_modified_time":"2022-09-14T11:09:15+00:00","twitter_card":"summary_large_image","twitter_misc":{"Tiempo de lectura":"8 minutos"},"schema":{"@context":"https:\/\/schema.org","@graph":[{"@type":"WebPage","@id":"https:\/\/www.fundacioimpulsa.org\/es\/pagament-donacio-2\/","url":"https:\/\/www.fundacioimpulsa.org\/es\/pagament-donacio-2\/","name":"Pago donaci\u00f3n 2 - Fundacio Impulsa","isPartOf":{"@id":"https:\/\/www.fundacioimpulsa.org\/es\/#website"},"datePublished":"2022-06-14T15:03:31+00:00","dateModified":"2022-09-14T11:09:15+00:00","breadcrumb":{"@id":"https:\/\/www.fundacioimpulsa.org\/es\/pagament-donacio-2\/#breadcrumb"},"inLanguage":"es","potentialAction":[{"@type":"ReadAction","target":["https:\/\/www.fundacioimpulsa.org\/es\/pagament-donacio-2\/"]}]},{"@type":"BreadcrumbList","@id":"https:\/\/www.fundacioimpulsa.org\/es\/pagament-donacio-2\/#breadcrumb","itemListElement":[{"@type":"ListItem","position":1,"name":"Inici","item":"https:\/\/www.fundacioimpulsa.org\/es\/fundacio-impulsa\/"},{"@type":"ListItem","position":2,"name":"Pago donaci\u00f3n 2"}]},{"@type":"WebSite","@id":"https:\/\/www.fundacioimpulsa.org\/es\/#website","url":"https:\/\/www.fundacioimpulsa.org\/es\/","name":"Fundacio Impulsa","description":"","potentialAction":[{"@type":"SearchAction","target":{"@type":"EntryPoint","urlTemplate":"https:\/\/www.fundacioimpulsa.org\/es\/?s={search_term_string}"},"query-input":{"@type":"PropertyValueSpecification","valueRequired":true,"valueName":"search_term_string"}}],"inLanguage":"es"}]}},"publishpress_future_action":{"enabled":false,"date":"2026-05-09 10:05:44","action":"change-status","newStatus":"draft","terms":[],"taxonomy":"translation_priority","extraData":[]},"publishpress_future_workflow_manual_trigger":{"enabledWorkflows":[]},"_links":{"self":[{"href":"https:\/\/www.fundacioimpulsa.org\/es\/wp-json\/wp\/v2\/pages\/5680","targetHints":{"allow":["GET"]}}],"collection":[{"href":"https:\/\/www.fundacioimpulsa.org\/es\/wp-json\/wp\/v2\/pages"}],"about":[{"href":"https:\/\/www.fundacioimpulsa.org\/es\/wp-json\/wp\/v2\/types\/page"}],"author":[{"embeddable":true,"href":"https:\/\/www.fundacioimpulsa.org\/es\/wp-json\/wp\/v2\/users\/2"}],"replies":[{"embeddable":true,"href":"https:\/\/www.fundacioimpulsa.org\/es\/wp-json\/wp\/v2\/comments?post=5680"}],"version-history":[{"count":4,"href":"https:\/\/www.fundacioimpulsa.org\/es\/wp-json\/wp\/v2\/pages\/5680\/revisions"}],"predecessor-version":[{"id":9108,"href":"https:\/\/www.fundacioimpulsa.org\/es\/wp-json\/wp\/v2\/pages\/5680\/revisions\/9108"}],"wp:attachment":[{"href":"https:\/\/www.fundacioimpulsa.org\/es\/wp-json\/wp\/v2\/media?parent=5680"}],"curies":[{"name":"wp","href":"https:\/\/api.w.org\/{rel}","templated":true}]}}